{"id":2470,"date":"2026-05-08T17:43:34","date_gmt":"2026-05-08T17:43:34","guid":{"rendered":"https:\/\/cocoverings.com\/?post_type=product&#038;p=2470"},"modified":"2026-05-08T22:14:58","modified_gmt":"2026-05-08T22:14:58","slug":"xu-kum","status":"publish","type":"product","link":"https:\/\/cocoverings.com\/?product=xu-kum","title":{"rendered":"XU KUM"},"content":{"rendered":"<p><strong>Conoce el XU KUM<\/strong><br \/>\nEs una base hecha en polvo formulada con cargas minerales, resinas en polvo reemulsificables, derivados cementosos y aditivos qu\u00edmicos varios y de igual manera, es un polvo crema. deflujo libre obtenido mediante secado por pulverizaci\u00f3n de una dispersi\u00f3n acuosa de copol\u00edmero<\/p>\n<p><strong>APLICACIONES<\/strong><br \/>\nSe aplica en los sistemas de aislamiento t\u00e9rmico (adhesivo y capa de refuerzo), en adhesivos para baldosas flexibles, se mejora las propiedades de la base cemento, las masas modificadas sin alterar significativamente la fluidez, y la retenci\u00f3n de agua.<\/p>\n<p><strong>CARACTERISTICAS<\/strong><br \/>\nPosee una gran adherencia sobre superficies como tabla roca, aplanados, sobre pasta estuco o en superficies no demasiado \u00e1speras.<br \/>\nTiene una excelente dureza, flexibilidad, permeable al vapor de agua, f\u00e1cil de aplicar y bajo costo.<br \/>\nNo es flamable, ni t\u00f3xico<br \/>\nEspecial para zonas tropicales donde el clima es agresivo para los recubrimientos por su alta concentraci\u00f3n de humedad ambiental y salinidad.<\/p>\n<p>Esta base es parte del Kit Xu Kum, para aplicar correctamente es necesario contar con todo el kit<\/p>\n","protected":false},"excerpt":{"rendered":"<p><strong><a href=\"https:\/\/wa.me\/5215651451389?text=Hola!%2C+Me+gustar\u00eda+cotizar+Oxicreto+XU+Kum+que+vi+en+tu+pagina+www.cocoverings.com\">Cotizar ahora<\/a><\/strong><\/p>\n","protected":false},"featured_media":2471,"template":"","meta":{"site-sidebar-layout":"default","site-content-layout":"","ast-site-content-layout":"default","site-content-style":"default","site-sidebar-style":"default","ast-global-header-display":"","ast-banner-title-visibility":"","ast-main-header-display":"","ast-hfb-above-header-display":"","ast-hfb-below-header-display":"","ast-hfb-mobile-header-display":"","site-post-title":"","ast-breadcrumbs-content":"","ast-featured-img":"","footer-sml-layout":"","theme-transparent-header-meta":"default","adv-header-id-meta":"","stick-header-meta":"","header-above-stick-meta":"","header-main-stick-meta":"","header-below-stick-meta":"","astra-migrate-meta-layouts":"set","ast-page-background-enabled":"default","ast-page-background-meta":{"desktop":{"background-color":"var(--ast-global-color-4)","background-image":"","background-repeat":"repeat","background-position":"center center","background-size":"auto","background-attachment":"scroll","background-type":"","background-media":"","overlay-type":"","overlay-color":"","overlay-opacity":"","overlay-gradient":""},"tablet":{"background-color":"","background-image":"","background-repeat":"repeat","background-position":"center center","background-size":"auto","background-attachment":"scroll","background-type":"","background-media":"","overlay-type":"","overlay-color":"","overlay-opacity":"","overlay-gradient":""},"mobile":{"background-color":"","background-image":"","background-repeat":"repeat","background-position":"center center","background-size":"auto","background-attachment":"scroll","background-type":"","background-media":"","overlay-type":"","overlay-color":"","overlay-opacity":"","overlay-gradient":""}},"ast-content-background-meta":{"desktop":{"background-color":"var(--ast-global-color-5)","background-image":"","background-repeat":"repeat","background-position":"center center","background-size":"auto","background-attachment":"scroll","background-type":"","background-media":"","overlay-type":"","overlay-color":"","overlay-opacity":"","overlay-gradient":""},"tablet":{"background-color":"var(--ast-global-color-5)","background-image":"","background-repeat":"repeat","background-position":"center center","background-size":"auto","background-attachment":"scroll","background-type":"","background-media":"","overlay-type":"","overlay-color":"","overlay-opacity":"","overlay-gradient":""},"mobile":{"background-color":"var(--ast-global-color-5)","background-image":"","background-repeat":"repeat","background-position":"center center","background-size":"auto","background-attachment":"scroll","background-type":"","background-media":"","overlay-type":"","overlay-color":"","overlay-opacity":"","overlay-gradient":""}}},"product_cat":[106],"product_tag":[],"class_list":{"0":"post-2470","1":"product","2":"type-product","3":"status-publish","4":"has-post-thumbnail","6":"product_cat-xu-kum","7":"desktop-align-left","8":"tablet-align-left","9":"mobile-align-left","11":"first","12":"instock","13":"shipping-taxable","14":"product-type-simple","15":"berocket_lgv_grid","16":"berocket_lgv_list_grid"},"aioseo_notices":[],"_links":{"self":[{"href":"https:\/\/cocoverings.com\/index.php?rest_route=\/wp\/v2\/product\/2470","targetHints":{"allow":["GET"]}}],"collection":[{"href":"https:\/\/cocoverings.com\/index.php?rest_route=\/wp\/v2\/product"}],"about":[{"href":"https:\/\/cocoverings.com\/index.php?rest_route=\/wp\/v2\/types\/product"}],"wp:featuredmedia":[{"embeddable":true,"href":"https:\/\/cocoverings.com\/index.php?rest_route=\/wp\/v2\/media\/2471"}],"wp:attachment":[{"href":"https:\/\/cocoverings.com\/index.php?rest_route=%2Fwp%2Fv2%2Fmedia&parent=2470"}],"wp:term":[{"taxonomy":"product_cat","embeddable":true,"href":"https:\/\/cocoverings.com\/index.php?rest_route=%2Fwp%2Fv2%2Fproduct_cat&post=2470"},{"taxonomy":"product_tag","embeddable":true,"href":"https:\/\/cocoverings.com\/index.php?rest_route=%2Fwp%2Fv2%2Fproduct_tag&post=2470"}],"curies":[{"name":"wp","href":"https:\/\/api.w.org\/{rel}","templated":true}]}}